{"id":26,"date":"2017-01-30T15:28:35","date_gmt":"2017-01-30T13:28:35","guid":{"rendered":"http:\/\/www.tthk.ee\/metall\/?page_id=26"},"modified":"2017-03-13T13:35:57","modified_gmt":"2017-03-13T11:35:57","slug":"home","status":"publish","type":"page","link":"https:\/\/www.tthk.ee\/metall\/","title":{"rendered":"Esileht"},"content":{"rendered":"<p class=\"p1\"><span class=\"s1\">See veebileht koondab Eesti kutsekoolide mehaanika ja metallit\u00f6\u00f6tluse \u00f5ppekavar\u00fchma \u00f5petajate v\u00f5rgustiku haridustehnoloogilisi tegemisi.<\/span><\/p>\n<p class=\"p1\"><a href=\"http:\/\/www.toostusuudised.ee\/uudised\/2017\/02\/13\/robotite-tulek-on-kutseharidusele-valjakutse\">T\u00f6\u00f6stus 4.0 &#8211; Roobootika&nbsp;<\/a><\/p>\n","protected":false},"excerpt":{"rendered":"<p>See veebileht koondab Eesti kutsekoolide mehaanika ja metallit\u00f6\u00f6tluse \u00f5ppekavar\u00fchma \u00f5petajate v\u00f5rgustiku haridustehnoloogilisi tegemisi. T\u00f6\u00f6stus 4.0 &#8211; Roobootika&nbsp;<\/p>\n","protected":false},"author":1,"featured_media":0,"parent":0,"menu_order":0,"comment_status":"closed","ping_status":"closed","template":"","meta":[],"_links":{"self":[{"href":"https:\/\/www.tthk.ee\/metall\/wp-json\/wp\/v2\/pages\/26"}],"collection":[{"href":"https:\/\/www.tthk.ee\/metall\/wp-json\/wp\/v2\/pages"}],"about":[{"href":"https:\/\/www.tthk.ee\/metall\/wp-json\/wp\/v2\/types\/page"}],"author":[{"embeddable":true,"href":"https:\/\/www.tthk.ee\/metall\/wp-json\/wp\/v2\/users\/1"}],"replies":[{"embeddable":true,"href":"https:\/\/www.tthk.ee\/metall\/wp-json\/wp\/v2\/comments?post=26"}],"version-history":[{"count":5,"href":"https:\/\/www.tthk.ee\/metall\/wp-json\/wp\/v2\/pages\/26\/revisions"}],"predecessor-version":[{"id":148,"href":"https:\/\/www.tthk.ee\/metall\/wp-json\/wp\/v2\/pages\/26\/revisions\/148"}],"wp:attachment":[{"href":"https:\/\/www.tthk.ee\/metall\/wp-json\/wp\/v2\/media?parent=26"}],"curies":[{"name":"wp","href":"https:\/\/api.w.org\/{rel}","templated":true}]}}