{"id":28,"date":"2017-01-30T15:28:35","date_gmt":"2017-01-30T13:28:35","guid":{"rendered":"http:\/\/www.tthk.ee\/metall\/?page_id=28"},"modified":"2017-01-31T10:40:30","modified_gmt":"2017-01-31T08:40:30","slug":"kontakt","status":"publish","type":"page","link":"https:\/\/www.tthk.ee\/metall\/kontakt\/","title":{"rendered":"Koolitused ja seminarid"},"content":{"rendered":"<p>Haridust\u00f6\u00f6tajate digip\u00e4devuste t\u00f5stmiseks korraldame koolitusi, seminare ja konverentse, samuti on v\u00f5imalik oma kooli tellida digiajastu infotundide l\u00e4biviimist.&nbsp;<a href=\"http:\/\/koolitus.hitsa.ee\/\">Tutvu HITSA poolt&nbsp;pakutavate koolitustega.<\/a><\/p>\n","protected":false},"excerpt":{"rendered":"<p>Haridust\u00f6\u00f6tajate digip\u00e4devuste t\u00f5stmiseks korraldame koolitusi, seminare ja konverentse, samuti on v\u00f5imalik oma kooli tellida digiajastu infotundide l\u00e4biviimist.&nbsp;Tutvu HITSA poolt&nbsp;pakutavate koolitustega.<\/p>\n","protected":false},"author":1,"featured_media":54,"parent":0,"menu_order":0,"comment_status":"closed","ping_status":"closed","template":"","meta":[],"_links":{"self":[{"href":"https:\/\/www.tthk.ee\/metall\/wp-json\/wp\/v2\/pages\/28"}],"collection":[{"href":"https:\/\/www.tthk.ee\/metall\/wp-json\/wp\/v2\/pages"}],"about":[{"href":"https:\/\/www.tthk.ee\/metall\/wp-json\/wp\/v2\/types\/page"}],"author":[{"embeddable":true,"href":"https:\/\/www.tthk.ee\/metall\/wp-json\/wp\/v2\/users\/1"}],"replies":[{"embeddable":true,"href":"https:\/\/www.tthk.ee\/metall\/wp-json\/wp\/v2\/comments?post=28"}],"version-history":[{"count":4,"href":"https:\/\/www.tthk.ee\/metall\/wp-json\/wp\/v2\/pages\/28\/revisions"}],"predecessor-version":[{"id":144,"href":"https:\/\/www.tthk.ee\/metall\/wp-json\/wp\/v2\/pages\/28\/revisions\/144"}],"wp:featuredmedia":[{"embeddable":true,"href":"https:\/\/www.tthk.ee\/metall\/wp-json\/wp\/v2\/media\/54"}],"wp:attachment":[{"href":"https:\/\/www.tthk.ee\/metall\/wp-json\/wp\/v2\/media?parent=28"}],"curies":[{"name":"wp","href":"https:\/\/api.w.org\/{rel}","templated":true}]}}