{"id":57,"date":"2017-01-30T16:19:10","date_gmt":"2017-01-30T14:19:10","guid":{"rendered":"http:\/\/www.tthk.ee\/metall\/?page_id=57"},"modified":"2017-06-28T16:31:22","modified_gmt":"2017-06-28T13:31:22","slug":"oppematerjalid","status":"publish","type":"page","link":"https:\/\/www.tthk.ee\/metall\/oppematerjalid\/","title":{"rendered":"\u00d5ppematerjalid"},"content":{"rendered":"<div id=\"pl-57\"  class=\"panel-layout\" ><div id=\"pg-57-0\"  class=\"panel-grid panel-no-style\" ><div id=\"pgc-57-0-0\"  class=\"panel-grid-cell\" ><div id=\"panel-57-0-0-0\" class=\"so-panel widget widget_sow-editor panel-first-child panel-last-child\" data-index=\"0\" ><div\n\t\t\t\n\t\t\tclass=\"so-widget-sow-editor so-widget-sow-editor-base\"\n\t\t\t\n\t\t>\n<div class=\"siteorigin-widget-tinymce textwidget\">\n\t<p><a href=\"http:\/\/www.tthk.ee\/metall\/mehhatroonika\/\">Mehhatroonik<\/a><br \/><a href=\"http:\/\/www.tthk.ee\/metall\/robotitehnika\/\">Robotitehnik<\/a><br \/><a href=\"http:\/\/www.tthk.ee\/metall\/apj-lehtmetalli-tootlemispinkide-operaator\/\">APJ lehtmetalli t\u00f6\u00f6tlemispinkide operaator<\/a><\/p>\n<\/div>\n<\/div><\/div><\/div><div id=\"pgc-57-0-1\"  class=\"panel-grid-cell\" ><div id=\"panel-57-0-1-0\" class=\"so-panel widget widget_sow-editor panel-first-child panel-last-child\" data-index=\"1\" ><div\n\t\t\t\n\t\t\tclass=\"so-widget-sow-editor so-widget-sow-editor-base\"\n\t\t\t\n\t\t>\n<div class=\"siteorigin-widget-tinymce textwidget\">\n\t<p><a href=\"http:\/\/www.tthk.ee\/metall\/keevitus\/\">Keevitaja<\/a><br \/><a href=\"http:\/\/www.tthk.ee\/metall\/metalliloikepinkidel-tootaja\/\">Metallil\u00f5ikepinkidel t\u00f6\u00f6taja<\/a><\/p>\n<p><a href=\"http:\/\/www.tthk.ee\/metall\/lehtmetalli-tootlemistehnoloogia\/\">LEHTMETALLI T\u00d6\u00d6TLEMISTEHNOLOOGIA (metoodiline juhend)<\/a><\/p>\n<\/div>\n<\/div><\/div><\/div><\/div><\/div>","protected":false},"excerpt":{"rendered":"<p>MehhatroonikRobotitehnikAPJ lehtmetalli t\u00f6\u00f6tlemispinkide operaator KeevitajaMetallil\u00f5ikepinkidel t\u00f6\u00f6tajaLEHTMETALLI T\u00d6\u00d6TLEMISTEHNOLOOGIA (metoodiline juhend)<\/p>\n","protected":false},"author":1,"featured_media":32,"parent":0,"menu_order":0,"comment_status":"closed","ping_status":"closed","template":"","meta":[],"_links":{"self":[{"href":"https:\/\/www.tthk.ee\/metall\/wp-json\/wp\/v2\/pages\/57"}],"collection":[{"href":"https:\/\/www.tthk.ee\/metall\/wp-json\/wp\/v2\/pages"}],"about":[{"href":"https:\/\/www.tthk.ee\/metall\/wp-json\/wp\/v2\/types\/page"}],"author":[{"embeddable":true,"href":"https:\/\/www.tthk.ee\/metall\/wp-json\/wp\/v2\/users\/1"}],"replies":[{"embeddable":true,"href":"https:\/\/www.tthk.ee\/metall\/wp-json\/wp\/v2\/comments?post=57"}],"version-history":[{"count":10,"href":"https:\/\/www.tthk.ee\/metall\/wp-json\/wp\/v2\/pages\/57\/revisions"}],"predecessor-version":[{"id":155,"href":"https:\/\/www.tthk.ee\/metall\/wp-json\/wp\/v2\/pages\/57\/revisions\/155"}],"wp:featuredmedia":[{"embeddable":true,"href":"https:\/\/www.tthk.ee\/metall\/wp-json\/wp\/v2\/media\/32"}],"wp:attachment":[{"href":"https:\/\/www.tthk.ee\/metall\/wp-json\/wp\/v2\/media?parent=57"}],"curies":[{"name":"wp","href":"https:\/\/api.w.org\/{rel}","templated":true}]}}