{"id":63,"date":"2017-01-30T16:27:42","date_gmt":"2017-01-30T14:27:42","guid":{"rendered":"http:\/\/www.tthk.ee\/metall\/?page_id=63"},"modified":"2017-01-31T10:32:10","modified_gmt":"2017-01-31T08:32:10","slug":"toovahendid","status":"publish","type":"page","link":"https:\/\/www.tthk.ee\/metall\/toovahendid\/","title":{"rendered":"T\u00f6\u00f6vahendid"},"content":{"rendered":"<p class=\"p1\"><span class=\"s1\">Siia lehele kogume erinevaid t\u00f6\u00f6vahendeid, mida saab kasutada \u00f5ppet\u00f6\u00f6 rikastamiseks.&nbsp;<\/span><\/p>\n<p class=\"p1\"><span style=\"font-size: medium;\">3D matemaatilised mudelid, elektroonilised projektid ja virtuaalne labor. \u00d5pilaste versioon tasuta allalaadimiseks.<\/span><br \/>\n<span style=\"color: #508d24; font-size: medium;\"><a href=\"http:\/\/yenka.com\/\" target=\"_blank\">yenka.com\/<\/a>\u200b<\/span><\/p>\n<p class=\"p1\"><a href=\"https:\/\/www.innovatsioonikeskus.ee\/et\" class=\"broken_link\">HITSA Innovatsioonikeskus<\/a><\/p>\n","protected":false},"excerpt":{"rendered":"<p>Siia lehele kogume erinevaid t\u00f6\u00f6vahendeid, mida saab kasutada \u00f5ppet\u00f6\u00f6 rikastamiseks.&nbsp; 3D matemaatilised mudelid, elektroonilised projektid ja virtuaalne labor. \u00d5pilaste versioon tasuta allalaadimiseks. yenka.com\/\u200b HITSA Innovatsioonikeskus<\/p>\n","protected":false},"author":1,"featured_media":53,"parent":0,"menu_order":0,"comment_status":"closed","ping_status":"closed","template":"","meta":[],"_links":{"self":[{"href":"https:\/\/www.tthk.ee\/metall\/wp-json\/wp\/v2\/pages\/63"}],"collection":[{"href":"https:\/\/www.tthk.ee\/metall\/wp-json\/wp\/v2\/pages"}],"about":[{"href":"https:\/\/www.tthk.ee\/metall\/wp-json\/wp\/v2\/types\/page"}],"author":[{"embeddable":true,"href":"https:\/\/www.tthk.ee\/metall\/wp-json\/wp\/v2\/users\/1"}],"replies":[{"embeddable":true,"href":"https:\/\/www.tthk.ee\/metall\/wp-json\/wp\/v2\/comments?post=63"}],"version-history":[{"count":5,"href":"https:\/\/www.tthk.ee\/metall\/wp-json\/wp\/v2\/pages\/63\/revisions"}],"predecessor-version":[{"id":143,"href":"https:\/\/www.tthk.ee\/metall\/wp-json\/wp\/v2\/pages\/63\/revisions\/143"}],"wp:featuredmedia":[{"embeddable":true,"href":"https:\/\/www.tthk.ee\/metall\/wp-json\/wp\/v2\/media\/53"}],"wp:attachment":[{"href":"https:\/\/www.tthk.ee\/metall\/wp-json\/wp\/v2\/media?parent=63"}],"curies":[{"name":"wp","href":"https:\/\/api.w.org\/{rel}","templated":true}]}}