{"id":86,"date":"2017-01-30T21:09:30","date_gmt":"2017-01-30T19:09:30","guid":{"rendered":"http:\/\/www.tthk.ee\/metall\/?page_id=86"},"modified":"2017-01-31T00:56:27","modified_gmt":"2017-01-30T22:56:27","slug":"keevitus","status":"publish","type":"page","link":"https:\/\/www.tthk.ee\/metall\/keevitus\/","title":{"rendered":"Keevitus"},"content":{"rendered":"<ul>\n<li><a title=\"\u00d5ppematerjal_1 Tootmise_korraldamine_veebi.pdf (14.6 MiB)\" href=\"https:\/\/www.innove.ee\/UserFiles\/Kutseharidus\/%C3%95ppe-%20ja%20juhendmaterjalid\/mehaanika%20ja%20metall\/%C3%95ppematerjal_1%20Tootmise_korraldamine_veebi.pdf\" target=\"_blank\">Tootmise korraldus<\/a><\/li>\n<li><a title=\"\u00d5ppematerjal_2 Mehaanilise t\u00f6\u00f6tlemise tehnoloogiad ja kasutatavad seadmed_veebi.pdf (18.5 MiB)\" href=\"https:\/\/www.innove.ee\/UserFiles\/Kutseharidus\/%C3%95ppe-%20ja%20juhendmaterjalid\/mehaanika%20ja%20metall\/%C3%95ppematerjal_2%20Mehaanilise%20t%C3%B6%C3%B6tlemise%20tehnoloogiad%20ja%20kasutatavad%20seadmed_veebi.pdf\" target=\"_blank\">Mehaanilise t\u00f6\u00f6tlemise tehnoloogiad ja kasutatavad seadmed<\/a><\/li>\n<li><a title=\"\u00d5ppematerjal_3_Metalltoodete_koostamine_ja_viimistlemine_veebi_09032015.pdf (10.6 MiB)\" href=\"https:\/\/www.innove.ee\/UserFiles\/Kutseharidus\/%C3%95ppe-%20ja%20juhendmaterjalid\/mehaanika%20ja%20metall\/%C3%95ppematerjal_3_Metalltoodete_koostamine_ja_viimistlemine_veebi_09032015.pdf\" target=\"_blank\">Metallitoodete valmistamine, koostamine ja viimistlemine<\/a><\/li>\n<li><a title=\"\u00d5ppematerjal_4 Keevitust\u00f6\u00f6d_veebi.pdf (19.1 MiB)\" href=\"https:\/\/www.innove.ee\/UserFiles\/Kutseharidus\/%C3%95ppe-%20ja%20juhendmaterjalid\/mehaanika%20ja%20metall\/%C3%95ppematerjal_4%20Keevitust%C3%B6%C3%B6d_veebi.pdf\" target=\"_blank\">Keevitust\u00f6\u00f6d<\/a><\/li>\n<\/ul>\n","protected":false},"excerpt":{"rendered":"<p>Tootmise korraldus Mehaanilise t\u00f6\u00f6tlemise tehnoloogiad ja kasutatavad seadmed Metallitoodete valmistamine, koostamine ja viimistlemine Keevitust\u00f6\u00f6d<\/p>\n","protected":false},"author":1,"featured_media":0,"parent":0,"menu_order":0,"comment_status":"closed","ping_status":"closed","template":"","meta":[],"_links":{"self":[{"href":"https:\/\/www.tthk.ee\/metall\/wp-json\/wp\/v2\/pages\/86"}],"collection":[{"href":"https:\/\/www.tthk.ee\/metall\/wp-json\/wp\/v2\/pages"}],"about":[{"href":"https:\/\/www.tthk.ee\/metall\/wp-json\/wp\/v2\/types\/page"}],"author":[{"embeddable":true,"href":"https:\/\/www.tthk.ee\/metall\/wp-json\/wp\/v2\/users\/1"}],"replies":[{"embeddable":true,"href":"https:\/\/www.tthk.ee\/metall\/wp-json\/wp\/v2\/comments?post=86"}],"version-history":[{"count":3,"href":"https:\/\/www.tthk.ee\/metall\/wp-json\/wp\/v2\/pages\/86\/revisions"}],"predecessor-version":[{"id":132,"href":"https:\/\/www.tthk.ee\/metall\/wp-json\/wp\/v2\/pages\/86\/revisions\/132"}],"wp:attachment":[{"href":"https:\/\/www.tthk.ee\/metall\/wp-json\/wp\/v2\/media?parent=86"}],"curies":[{"name":"wp","href":"https:\/\/api.w.org\/{rel}","templated":true}]}}