{"id":91,"date":"2017-01-30T21:12:46","date_gmt":"2017-01-30T19:12:46","guid":{"rendered":"http:\/\/www.tthk.ee\/metall\/?page_id=91"},"modified":"2017-01-31T00:55:45","modified_gmt":"2017-01-30T22:55:45","slug":"apj-lehtmetalli-tootlemispinkide-operaator","status":"publish","type":"page","link":"https:\/\/www.tthk.ee\/metall\/apj-lehtmetalli-tootlemispinkide-operaator\/","title":{"rendered":"APJ lehtmetalli t\u00f6\u00f6tlemispinkide operaator"},"content":{"rendered":"<ul>\n<li><a title=\"\u00d5ppematerjal_1 Tootmise_korraldamine_veebi.pdf (14.6 MiB)\" href=\"https:\/\/www.innove.ee\/UserFiles\/Kutseharidus\/%C3%95ppe-%20ja%20juhendmaterjalid\/mehaanika%20ja%20metall\/%C3%95ppematerjal_1%20Tootmise_korraldamine_veebi.pdf\" target=\"_blank\">Tootmise korraldus<\/a><\/li>\n<li><a title=\"\u00d5ppematerjal_2 Mehaanilise t\u00f6\u00f6tlemise tehnoloogiad ja kasutatavad seadmed_veebi.pdf (18.5 MiB)\" href=\"https:\/\/www.innove.ee\/UserFiles\/Kutseharidus\/%C3%95ppe-%20ja%20juhendmaterjalid\/mehaanika%20ja%20metall\/%C3%95ppematerjal_2%20Mehaanilise%20t%C3%B6%C3%B6tlemise%20tehnoloogiad%20ja%20kasutatavad%20seadmed_veebi.pdf\" target=\"_blank\">Mehaanilise t\u00f6\u00f6tlemise tehnoloogiad ja kasutatavad seadmed<\/a><\/li>\n<li><a title=\"\u00d5ppematerjal_3_Metalltoodete_koostamine_ja_viimistlemine_veebi_09032015.pdf (10.6 MiB)\" href=\"https:\/\/www.innove.ee\/UserFiles\/Kutseharidus\/%C3%95ppe-%20ja%20juhendmaterjalid\/mehaanika%20ja%20metall\/%C3%95ppematerjal_3_Metalltoodete_koostamine_ja_viimistlemine_veebi_09032015.pdf\" target=\"_blank\">Metallitoodete valmistamine, koostamine ja viimistlemine<\/a><\/li>\n<li><a title=\"\u00d5ppematerjal_5 Lehtmetalli t\u00f6\u00f6tlemistehnoloogiad_veebi.pdf (8.3 MiB)\" href=\"https:\/\/www.innove.ee\/UserFiles\/Kutseharidus\/%C3%95ppe-%20ja%20juhendmaterjalid\/mehaanika%20ja%20metall\/%C3%95ppematerjal_5%20Lehtmetalli%20t%C3%B6%C3%B6tlemistehnoloogiad_veebi.pdf\" target=\"_blank\">Lehtmetalli t\u00f6\u00f6tlemistehnoloogiad<\/a><\/li>\n<\/ul>\n","protected":false},"excerpt":{"rendered":"<p>Tootmise korraldus Mehaanilise t\u00f6\u00f6tlemise tehnoloogiad ja kasutatavad seadmed Metallitoodete valmistamine, koostamine ja viimistlemine Lehtmetalli t\u00f6\u00f6tlemistehnoloogiad<\/p>\n","protected":false},"author":1,"featured_media":0,"parent":0,"menu_order":0,"comment_status":"closed","ping_status":"closed","template":"","meta":[],"_links":{"self":[{"href":"https:\/\/www.tthk.ee\/metall\/wp-json\/wp\/v2\/pages\/91"}],"collection":[{"href":"https:\/\/www.tthk.ee\/metall\/wp-json\/wp\/v2\/pages"}],"about":[{"href":"https:\/\/www.tthk.ee\/metall\/wp-json\/wp\/v2\/types\/page"}],"author":[{"embeddable":true,"href":"https:\/\/www.tthk.ee\/metall\/wp-json\/wp\/v2\/users\/1"}],"replies":[{"embeddable":true,"href":"https:\/\/www.tthk.ee\/metall\/wp-json\/wp\/v2\/comments?post=91"}],"version-history":[{"count":3,"href":"https:\/\/www.tthk.ee\/metall\/wp-json\/wp\/v2\/pages\/91\/revisions"}],"predecessor-version":[{"id":130,"href":"https:\/\/www.tthk.ee\/metall\/wp-json\/wp\/v2\/pages\/91\/revisions\/130"}],"wp:attachment":[{"href":"https:\/\/www.tthk.ee\/metall\/wp-json\/wp\/v2\/media?parent=91"}],"curies":[{"name":"wp","href":"https:\/\/api.w.org\/{rel}","templated":true}]}}